{"id":24,"date":"2011-08-21T13:25:31","date_gmt":"2011-08-21T12:25:31","guid":{"rendered":"http:\/\/charleshenri.sneessens.perso.sfr.fr\/bonneval-sur-arc\/?page_id=24"},"modified":"2024-01-24T23:15:04","modified_gmt":"2024-01-24T22:15:04","slug":"situation-acces","status":"publish","type":"page","link":"https:\/\/www.bonneval-edelweiss.fr\/?page_id=24","title":{"rendered":"Situation &#8211; acc\u00e8s"},"content":{"rendered":"<p>GPS:&nbsp;&nbsp; 45.3747444\u00b0 Latitude Nord,&nbsp;&nbsp; 7.0552745\u00b0 Longitude Est<br \/>\n<small><a style=\"color: #0000ff; text-align: left;\" href=\"http:\/\/maps.google.com\/maps?f=q&amp;source=embed&amp;hl=en&amp;geocode=&amp;q=Tralenta,+Bonneval-sur-Arc,+France&amp;aq=0&amp;sll=37.0625,-95.677068&amp;sspn=39.320439,71.455078&amp;vpsrc=0&amp;ie=UTF8&amp;hq=&amp;hnear=Tralenta,+Bonneval-sur-Arc,+Savoie,+Rh%C3%B4ne-Alpes,+France&amp;t=m&amp;z=14&amp;ll= 45.3747444, 7.0552745\">View Larger Map<\/a><\/small><\/p>\n<p>L&rsquo;appartement Edelweiss 3 est situ\u00e9 au premier niveau au-dessus des garages, c\u00f4t\u00e9 ouest du b\u00e2timent, face au d\u00e9part des pistes (10m).<\/p>\n<p><strong>Acc\u00e8s en voiture :<\/strong><\/p>\n<p>En arrivant \u00e0 Bonneval-sur-Arc, laisser le vieux village de Bonneval sur la gauche et continuer sur la D902 jusque dans le premier virage au pied du col, juste avant l\u2019office du tourisme. Prendre \u00e0 droite la rue qui monte vers le hameau de Tralenta. Le chalet Edelweiss est le 2<sup>\u00e8me<\/sup> chalet \u00e0 gauche apr\u00e8s le parking couvert, \u00e0 200m de la D902.<\/p>\n<p><strong>Acc\u00e8s en train :<\/strong><br \/>\nLa gare SNCF de Modane est \u00e0 45km (liaison direct depuis Paris)<br \/>\n<a href=\"https:\/\/www.sncf-voyageurs.com\/fr\/\" target=\"_blank\" rel=\"noopener\">www.sncf-voyageurs.com<\/a><\/p>\n<p><strong>En car :<\/strong><br \/>\nTRANSAVOIE assure la liaison entre Modane et Bonneval.<br \/>\n<a href=\"http:\/\/www.altibus.com\/\" target=\"_blank\" rel=\"noopener\">www.altibus.com<\/a><\/p>\n<p><strong>Acc\u00e8s en avion :<\/strong><br \/>\nA\u00e9roport de Lyon \u00e0 230km, moins de 3h<br \/>\nA\u00e9roport de Turin \u00e0 160km (en hiver, via le tunnel du Fr\u00e9jus), 2h<\/p>\n","protected":false},"excerpt":{"rendered":"<p>GPS:&nbsp;&nbsp; 45.3747444\u00b0 Latitude Nord,&nbsp;&nbsp; 7.0552745\u00b0 Longitude Est View Larger Map L&rsquo;appartement Edelweiss 3 est situ\u00e9 au premier niveau au-dessus des garages, c\u00f4t\u00e9 ouest du b\u00e2timent, face au d\u00e9part des pistes (10m). Acc\u00e8s en voiture : En arrivant \u00e0 Bonneval-sur-Arc, laisser &hellip; <a href=\"https:\/\/www.bonneval-edelweiss.fr\/?page_id=24\">Continue reading <span class=\"meta-nav\">&rarr;<\/span><\/a><\/p>\n","protected":false},"author":1,"featured_media":0,"parent":4,"menu_order":0,"comment_status":"closed","ping_status":"closed","template":"onecolumn-page.php","meta":{"footnotes":""},"class_list":["post-24","page","type-page","status-publish","hentry"],"_links":{"self":[{"href":"https:\/\/www.bonneval-edelweiss.fr\/index.php?rest_route=\/wp\/v2\/pages\/24","targetHints":{"allow":["GET"]}}],"collection":[{"href":"https:\/\/www.bonneval-edelweiss.fr\/index.php?rest_route=\/wp\/v2\/pages"}],"about":[{"href":"https:\/\/www.bonneval-edelweiss.fr\/index.php?rest_route=\/wp\/v2\/types\/page"}],"author":[{"embeddable":true,"href":"https:\/\/www.bonneval-edelweiss.fr\/index.php?rest_route=\/wp\/v2\/users\/1"}],"replies":[{"embeddable":true,"href":"https:\/\/www.bonneval-edelweiss.fr\/index.php?rest_route=%2Fwp%2Fv2%2Fcomments&post=24"}],"version-history":[{"count":23,"href":"https:\/\/www.bonneval-edelweiss.fr\/index.php?rest_route=\/wp\/v2\/pages\/24\/revisions"}],"predecessor-version":[{"id":530,"href":"https:\/\/www.bonneval-edelweiss.fr\/index.php?rest_route=\/wp\/v2\/pages\/24\/revisions\/530"}],"up":[{"embeddable":true,"href":"https:\/\/www.bonneval-edelweiss.fr\/index.php?rest_route=\/wp\/v2\/pages\/4"}],"wp:attachment":[{"href":"https:\/\/www.bonneval-edelweiss.fr\/index.php?rest_route=%2Fwp%2Fv2%2Fmedia&parent=24"}],"curies":[{"name":"wp","href":"https:\/\/api.w.org\/{rel}","templated":true}]}}