{"id":30,"date":"2011-08-21T13:30:20","date_gmt":"2011-08-21T12:30:20","guid":{"rendered":"http:\/\/charleshenri.sneessens.perso.sfr.fr\/bonneval-sur-arc\/?page_id=30"},"modified":"2025-09-03T22:00:27","modified_gmt":"2025-09-03T20:00:27","slug":"activites","status":"publish","type":"page","link":"https:\/\/www.bonneval-edelweiss.fr\/?page_id=30","title":{"rendered":"Activit\u00e9s"},"content":{"rendered":"<p>A Bonneval-sur-arc, il y a toujours quelque chose \u00e0 faire! La montagne se d\u00e9couvre \u00e0 travers les quatre saisons&#8230;<\/p>\n<p><a href=\"http:\/\/www.bonneval-edelweiss.fr\/?page_id=87\">En hiver<\/a>, la neige et la glace sont au rendez-vous : Ski de piste,\u00a0Ski hors piste,\u00a0Ski de randonn\u00e9e,\u00a0Sortie en raquette,\u00a0Cascade sur glace, ski de fond&#8230;<\/p>\n<p><a href=\"http:\/\/www.bonneval-edelweiss.fr\/?page_id=89\">En \u00e9t\u00e9<\/a>, le panel d&rsquo;activit\u00e9s est tout aussi large : randonn\u00e9e, VTT, alpinisme, escalade, canyoning,&#8230; Les refuges du Carro et des Evettes vous donneront acc\u00e8s \u00e0 des paysages et randonn\u00e9es magnifiques.<\/p>\n<p>Plus d&rsquo;informations sur :<br \/>\n<a href=\"http:\/\/www.bonneval-sur-arc.com\"> www.bonneval-sur-arc.com<\/a><\/p>\n","protected":false},"excerpt":{"rendered":"<p>A Bonneval-sur-arc, il y a toujours quelque chose \u00e0 faire! La montagne se d\u00e9couvre \u00e0 travers les quatre saisons&#8230; En hiver, la neige et la glace sont au rendez-vous : Ski de piste,\u00a0Ski hors piste,\u00a0Ski de randonn\u00e9e,\u00a0Sortie en raquette,\u00a0Cascade sur &hellip; <a href=\"https:\/\/www.bonneval-edelweiss.fr\/?page_id=30\">Continue reading <span class=\"meta-nav\">&rarr;<\/span><\/a><\/p>\n","protected":false},"author":1,"featured_media":0,"parent":0,"menu_order":4,"comment_status":"closed","ping_status":"closed","template":"onecolumn-page.php","meta":{"footnotes":""},"class_list":["post-30","page","type-page","status-publish","hentry"],"_links":{"self":[{"href":"https:\/\/www.bonneval-edelweiss.fr\/index.php?rest_route=\/wp\/v2\/pages\/30","targetHints":{"allow":["GET"]}}],"collection":[{"href":"https:\/\/www.bonneval-edelweiss.fr\/index.php?rest_route=\/wp\/v2\/pages"}],"about":[{"href":"https:\/\/www.bonneval-edelweiss.fr\/index.php?rest_route=\/wp\/v2\/types\/page"}],"author":[{"embeddable":true,"href":"https:\/\/www.bonneval-edelweiss.fr\/index.php?rest_route=\/wp\/v2\/users\/1"}],"replies":[{"embeddable":true,"href":"https:\/\/www.bonneval-edelweiss.fr\/index.php?rest_route=%2Fwp%2Fv2%2Fcomments&post=30"}],"version-history":[{"count":17,"href":"https:\/\/www.bonneval-edelweiss.fr\/index.php?rest_route=\/wp\/v2\/pages\/30\/revisions"}],"predecessor-version":[{"id":540,"href":"https:\/\/www.bonneval-edelweiss.fr\/index.php?rest_route=\/wp\/v2\/pages\/30\/revisions\/540"}],"wp:attachment":[{"href":"https:\/\/www.bonneval-edelweiss.fr\/index.php?rest_route=%2Fwp%2Fv2%2Fmedia&parent=30"}],"curies":[{"name":"wp","href":"https:\/\/api.w.org\/{rel}","templated":true}]}}