{"id":351,"date":"2013-03-24T11:42:41","date_gmt":"2013-03-24T10:42:41","guid":{"rendered":"http:\/\/www.bonneval-edelweiss.fr\/\/?page_id=351"},"modified":"2025-09-03T21:16:04","modified_gmt":"2025-09-03T19:16:04","slug":"tarifs-hiver-2013-2014","status":"publish","type":"page","link":"https:\/\/www.bonneval-edelweiss.fr\/?page_id=351","title":{"rendered":"Tarifs 2025"},"content":{"rendered":"<p>Voici la grille tarifaire pour l&rsquo;ann\u00e9e 2025. Nous sommes \u00e0 votre disposition pour r\u00e9pondre \u00e0 toutes vos questions!<\/p>\n<table cellspacing=\"0\" cellpadding=\"0\">\n<tbody>\n<tr>\n<td style=\"text-align: center;\" colspan=\"3\" valign=\"top\"><strong>Tarifs 2025 &#8212;\u00a0 Appartement Edelweiss 03 <\/strong><strong> (<\/strong>4 pers)<\/td>\n<\/tr>\n<tr>\n<td valign=\"middle\"><em>P\u00e9riode<\/em><\/td>\n<td valign=\"middle\"><em>tarif\/1 semaine<\/em><\/td>\n<td valign=\"middle\"><em>tarif\/2 semaines<\/em><\/td>\n<\/tr>\n<tr>\n<td valign=\"middle\">07\/12\/2024 au 29\/03\/2025<\/td>\n<td valign=\"middle\">1150<\/td>\n<td valign=\"middle\"><\/td>\n<\/tr>\n<tr>\n<td valign=\"middle\">29\/03 au 29\/11\/2025<\/td>\n<td valign=\"middle\">850<\/td>\n<td valign=\"middle\">-15%<\/td>\n<\/tr>\n<\/tbody>\n<\/table>\n","protected":false},"excerpt":{"rendered":"<p>Voici la grille tarifaire pour l&rsquo;ann\u00e9e 2025. Nous sommes \u00e0 votre disposition pour r\u00e9pondre \u00e0 toutes vos questions! Tarifs 2025 &#8212;\u00a0 Appartement Edelweiss 03 (4 pers) P\u00e9riode tarif\/1 semaine tarif\/2 semaines 07\/12\/2024 au 29\/03\/2025 1150 29\/03 au 29\/11\/2025 850 -15%<\/p>\n","protected":false},"author":1,"featured_media":0,"parent":329,"menu_order":0,"comment_status":"closed","ping_status":"closed","template":"onecolumn-page.php","meta":{"footnotes":""},"class_list":["post-351","page","type-page","status-publish","hentry"],"_links":{"self":[{"href":"https:\/\/www.bonneval-edelweiss.fr\/index.php?rest_route=\/wp\/v2\/pages\/351","targetHints":{"allow":["GET"]}}],"collection":[{"href":"https:\/\/www.bonneval-edelweiss.fr\/index.php?rest_route=\/wp\/v2\/pages"}],"about":[{"href":"https:\/\/www.bonneval-edelweiss.fr\/index.php?rest_route=\/wp\/v2\/types\/page"}],"author":[{"embeddable":true,"href":"https:\/\/www.bonneval-edelweiss.fr\/index.php?rest_route=\/wp\/v2\/users\/1"}],"replies":[{"embeddable":true,"href":"https:\/\/www.bonneval-edelweiss.fr\/index.php?rest_route=%2Fwp%2Fv2%2Fcomments&post=351"}],"version-history":[{"count":34,"href":"https:\/\/www.bonneval-edelweiss.fr\/index.php?rest_route=\/wp\/v2\/pages\/351\/revisions"}],"predecessor-version":[{"id":532,"href":"https:\/\/www.bonneval-edelweiss.fr\/index.php?rest_route=\/wp\/v2\/pages\/351\/revisions\/532"}],"up":[{"embeddable":true,"href":"https:\/\/www.bonneval-edelweiss.fr\/index.php?rest_route=\/wp\/v2\/pages\/329"}],"wp:attachment":[{"href":"https:\/\/www.bonneval-edelweiss.fr\/index.php?rest_route=%2Fwp%2Fv2%2Fmedia&parent=351"}],"curies":[{"name":"wp","href":"https:\/\/api.w.org\/{rel}","templated":true}]}}