{"id":39,"date":"2011-08-21T13:36:39","date_gmt":"2011-08-21T12:36:39","guid":{"rendered":"http:\/\/charleshenri.sneessens.perso.sfr.fr\/bonneval-sur-arc\/?page_id=39"},"modified":"2014-04-21T21:55:48","modified_gmt":"2014-04-21T20:55:48","slug":"contact","status":"publish","type":"page","link":"https:\/\/www.bonneval-edelweiss.fr\/?page_id=39","title":{"rendered":"Contact"},"content":{"rendered":"<p>Pour toute r\u00e9servation ou renseignement, merci de contacter Anne Sneessens<\/p>\n<p>par t\u00e9l\u00e9phone au + 32 (0) 81 56 64 91<\/p>\n<p>par courriel \u00e0 l&rsquo;adresse <em>reservation(at)bonneval-edelweiss.fr<\/em><br \/>\nou via le formulaire ci-dessous:<\/p>\n<p>[contact_form]<\/p>\n","protected":false},"excerpt":{"rendered":"<p>Pour toute r\u00e9servation ou renseignement, merci de contacter Anne Sneessens par t\u00e9l\u00e9phone au + 32 (0) 81 56 64 91 par courriel \u00e0 l&rsquo;adresse reservation(at)bonneval-edelweiss.fr ou via le formulaire ci-dessous: [contact_form]<\/p>\n","protected":false},"author":1,"featured_media":0,"parent":0,"menu_order":2,"comment_status":"closed","ping_status":"closed","template":"onecolumn-page.php","meta":{"footnotes":""},"class_list":["post-39","page","type-page","status-publish","hentry"],"_links":{"self":[{"href":"https:\/\/www.bonneval-edelweiss.fr\/index.php?rest_route=\/wp\/v2\/pages\/39","targetHints":{"allow":["GET"]}}],"collection":[{"href":"https:\/\/www.bonneval-edelweiss.fr\/index.php?rest_route=\/wp\/v2\/pages"}],"about":[{"href":"https:\/\/www.bonneval-edelweiss.fr\/index.php?rest_route=\/wp\/v2\/types\/page"}],"author":[{"embeddable":true,"href":"https:\/\/www.bonneval-edelweiss.fr\/index.php?rest_route=\/wp\/v2\/users\/1"}],"replies":[{"embeddable":true,"href":"https:\/\/www.bonneval-edelweiss.fr\/index.php?rest_route=%2Fwp%2Fv2%2Fcomments&post=39"}],"version-history":[{"count":20,"href":"https:\/\/www.bonneval-edelweiss.fr\/index.php?rest_route=\/wp\/v2\/pages\/39\/revisions"}],"predecessor-version":[{"id":538,"href":"https:\/\/www.bonneval-edelweiss.fr\/index.php?rest_route=\/wp\/v2\/pages\/39\/revisions\/538"}],"wp:attachment":[{"href":"https:\/\/www.bonneval-edelweiss.fr\/index.php?rest_route=%2Fwp%2Fv2%2Fmedia&parent=39"}],"curies":[{"name":"wp","href":"https:\/\/api.w.org\/{rel}","templated":true}]}}