{"id":66,"date":"2011-08-21T14:54:03","date_gmt":"2011-08-21T13:54:03","guid":{"rendered":"http:\/\/charleshenri.sneessens.perso.sfr.fr\/bonneval-sur-arc\/?page_id=66"},"modified":"2023-07-24T20:55:25","modified_gmt":"2023-07-24T19:55:25","slug":"disponibilite","status":"publish","type":"page","link":"https:\/\/www.bonneval-edelweiss.fr\/?page_id=66","title":{"rendered":"Planning"},"content":{"rendered":"\n<p>Vous trouverez ci-dessous les p\u00e9riodes encore disponibles \u00e0 la location. Le calendrier n&rsquo;est pas mis \u00e0 jour de mani\u00e8re instantan\u00e9e, n&rsquo;h\u00e9sitez \u00e0 prendre contact avec nous pour avoir les derni\u00e8res mises \u00e0 jour (<em>voir no t\u00e9l. et adresse mail ci-dessous<\/em>).<\/p>\n\n\n<div class=\"wpsbc-container wpsbc-calendar-1\" data-id=\"1\" data-show_title=\"0\" data-show_legend=\"0\" data-legend_position=\"side\" data-show_button_navigation=\"1\" data-current_year=\"2026\" data-current_month=\"4\" data-language=\"fr\" data-min_width=\"200\" data-max_width=\"380\" ><div class=\"wpsbc-calendars-wrapper \"><div class=\"wpsbc-calendars\"><div class=\"wpsbc-calendar\"><div class=\"wpsbc-calendar-header wpsbc-heading\"><div class=\"wpsbc-calendar-header-navigation\"><a href=\"#\" class=\"wpsbc-prev\"><span class=\"wpsbc-arrow\"><\/span><\/a><div class=\"wpsbc-select-container\"><select><option value=\"1768435200\" >Janvier 2026<\/option><option value=\"1771113600\" >F\u00e9vrier 2026<\/option><option value=\"1773532800\" >Mars 2026<\/option><option value=\"1776211200\"  selected='selected'>Avril 2026<\/option><option value=\"1778803200\" >Mai 2026<\/option><option value=\"1781481600\" >Juin 2026<\/option><option value=\"1784073600\" >Juillet 2026<\/option><option value=\"1786752000\" >Ao\u00fbt 2026<\/option><option value=\"1789430400\" >Septembre 2026<\/option><option value=\"1792022400\" >Octobre 2026<\/option><option value=\"1794700800\" >Novembre 2026<\/option><option value=\"1797292800\" >D\u00e9cembre 2026<\/option><option value=\"1799971200\" >Janvier 2027<\/option><option value=\"1802649600\" >F\u00e9vrier 2027<\/option><option value=\"1805068800\" >Mars 2027<\/option><option value=\"1807747200\" >Avril 2027<\/option><\/select><\/div><a href=\"#\" class=\"wpsbc-next\"><span class=\"wpsbc-arrow\"><\/span><\/a><\/div><\/div><div class=\"wpsbc-calendar-wrapper\"><table><thead><tr><th>L<\/th><th>M<\/th><th>M<\/th><th>J<\/th><th>V<\/th><th>S<\/th><th>D<\/th><\/tr><\/thead><tbody><tr><td><div class=\"wpsbc-date  wpsbc-gap\" ><div class=\"wpsbc-date-inner\"><\/div><\/div><\/td><td><div class=\"wpsbc-date  wpsbc-gap\" ><div class=\"wpsbc-date-inner\"><\/div><\/div><\/td><td><div class=\"wpsbc-date wpsbc-legend-item-1 \" data-year=\"2026\" data-month=\"4\" data-day=\"1\"><div class=\"wpsbc-legend-item-icon wpsbc-legend-item-icon-1\" data-type=\"single\"><div class=\"wpsbc-legend-item-icon-color\" ><\/div><div class=\"wpsbc-legend-item-icon-color\" ><\/div><\/div><div class=\"wpsbc-date-inner\"><span class=\"wpsbc-date-number\">1<\/span><\/div><\/div><\/td><td><div class=\"wpsbc-date wpsbc-legend-item-1 \" data-year=\"2026\" data-month=\"4\" data-day=\"2\"><div class=\"wpsbc-legend-item-icon wpsbc-legend-item-icon-1\" data-type=\"single\"><div class=\"wpsbc-legend-item-icon-color\" ><\/div><div class=\"wpsbc-legend-item-icon-color\" ><\/div><\/div><div class=\"wpsbc-date-inner\"><span class=\"wpsbc-date-number\">2<\/span><\/div><\/div><\/td><td><div class=\"wpsbc-date wpsbc-legend-item-1 \" data-year=\"2026\" data-month=\"4\" data-day=\"3\"><div class=\"wpsbc-legend-item-icon wpsbc-legend-item-icon-1\" data-type=\"single\"><div class=\"wpsbc-legend-item-icon-color\" ><\/div><div class=\"wpsbc-legend-item-icon-color\" ><\/div><\/div><div class=\"wpsbc-date-inner\"><span class=\"wpsbc-date-number\">3<\/span><\/div><\/div><\/td><td><div class=\"wpsbc-date wpsbc-legend-item-1 \" data-year=\"2026\" data-month=\"4\" data-day=\"4\"><div class=\"wpsbc-legend-item-icon wpsbc-legend-item-icon-1\" data-type=\"single\"><div class=\"wpsbc-legend-item-icon-color\" ><\/div><div class=\"wpsbc-legend-item-icon-color\" ><\/div><\/div><div class=\"wpsbc-date-inner\"><span class=\"wpsbc-date-number\">4<\/span><\/div><\/div><\/td><td><div class=\"wpsbc-date wpsbc-legend-item-1 \" data-year=\"2026\" data-month=\"4\" data-day=\"5\"><div class=\"wpsbc-legend-item-icon wpsbc-legend-item-icon-1\" data-type=\"single\"><div class=\"wpsbc-legend-item-icon-color\" ><\/div><div class=\"wpsbc-legend-item-icon-color\" ><\/div><\/div><div class=\"wpsbc-date-inner\"><span class=\"wpsbc-date-number\">5<\/span><\/div><\/div><\/td><\/tr><tr><td><div class=\"wpsbc-date wpsbc-legend-item-1 \" data-year=\"2026\" data-month=\"4\" data-day=\"6\"><div class=\"wpsbc-legend-item-icon wpsbc-legend-item-icon-1\" data-type=\"single\"><div class=\"wpsbc-legend-item-icon-color\" ><\/div><div class=\"wpsbc-legend-item-icon-color\" ><\/div><\/div><div class=\"wpsbc-date-inner\"><span class=\"wpsbc-date-number\">6<\/span><\/div><\/div><\/td><td><div class=\"wpsbc-date wpsbc-legend-item-1 \" data-year=\"2026\" data-month=\"4\" data-day=\"7\"><div class=\"wpsbc-legend-item-icon wpsbc-legend-item-icon-1\" data-type=\"single\"><div class=\"wpsbc-legend-item-icon-color\" ><\/div><div class=\"wpsbc-legend-item-icon-color\" ><\/div><\/div><div class=\"wpsbc-date-inner\"><span class=\"wpsbc-date-number\">7<\/span><\/div><\/div><\/td><td><div class=\"wpsbc-date wpsbc-legend-item-1 \" data-year=\"2026\" data-month=\"4\" data-day=\"8\"><div class=\"wpsbc-legend-item-icon wpsbc-legend-item-icon-1\" data-type=\"single\"><div class=\"wpsbc-legend-item-icon-color\" ><\/div><div class=\"wpsbc-legend-item-icon-color\" ><\/div><\/div><div class=\"wpsbc-date-inner\"><span class=\"wpsbc-date-number\">8<\/span><\/div><\/div><\/td><td><div class=\"wpsbc-date wpsbc-legend-item-1 \" data-year=\"2026\" data-month=\"4\" data-day=\"9\"><div class=\"wpsbc-legend-item-icon wpsbc-legend-item-icon-1\" data-type=\"single\"><div class=\"wpsbc-legend-item-icon-color\" ><\/div><div class=\"wpsbc-legend-item-icon-color\" ><\/div><\/div><div class=\"wpsbc-date-inner\"><span class=\"wpsbc-date-number\">9<\/span><\/div><\/div><\/td><td><div class=\"wpsbc-date wpsbc-legend-item-1 \" data-year=\"2026\" data-month=\"4\" data-day=\"10\"><div class=\"wpsbc-legend-item-icon wpsbc-legend-item-icon-1\" data-type=\"single\"><div class=\"wpsbc-legend-item-icon-color\" ><\/div><div class=\"wpsbc-legend-item-icon-color\" ><\/div><\/div><div class=\"wpsbc-date-inner\"><span class=\"wpsbc-date-number\">10<\/span><\/div><\/div><\/td><td><div class=\"wpsbc-date wpsbc-legend-item-1 \" data-year=\"2026\" data-month=\"4\" data-day=\"11\"><div class=\"wpsbc-legend-item-icon wpsbc-legend-item-icon-1\" data-type=\"single\"><div class=\"wpsbc-legend-item-icon-color\" ><\/div><div class=\"wpsbc-legend-item-icon-color\" ><\/div><\/div><div class=\"wpsbc-date-inner\"><span class=\"wpsbc-date-number\">11<\/span><\/div><\/div><\/td><td><div class=\"wpsbc-date wpsbc-legend-item-1 \" data-year=\"2026\" data-month=\"4\" data-day=\"12\"><div class=\"wpsbc-legend-item-icon wpsbc-legend-item-icon-1\" data-type=\"single\"><div class=\"wpsbc-legend-item-icon-color\" ><\/div><div class=\"wpsbc-legend-item-icon-color\" ><\/div><\/div><div class=\"wpsbc-date-inner\"><span class=\"wpsbc-date-number\">12<\/span><\/div><\/div><\/td><\/tr><tr><td><div class=\"wpsbc-date wpsbc-legend-item-1 \" data-year=\"2026\" data-month=\"4\" data-day=\"13\"><div class=\"wpsbc-legend-item-icon wpsbc-legend-item-icon-1\" data-type=\"single\"><div class=\"wpsbc-legend-item-icon-color\" ><\/div><div class=\"wpsbc-legend-item-icon-color\" ><\/div><\/div><div class=\"wpsbc-date-inner\"><span class=\"wpsbc-date-number\">13<\/span><\/div><\/div><\/td><td><div class=\"wpsbc-date wpsbc-legend-item-1 \" data-year=\"2026\" data-month=\"4\" data-day=\"14\"><div class=\"wpsbc-legend-item-icon wpsbc-legend-item-icon-1\" data-type=\"single\"><div class=\"wpsbc-legend-item-icon-color\" ><\/div><div class=\"wpsbc-legend-item-icon-color\" ><\/div><\/div><div class=\"wpsbc-date-inner\"><span class=\"wpsbc-date-number\">14<\/span><\/div><\/div><\/td><td><div class=\"wpsbc-date wpsbc-legend-item-1 \" data-year=\"2026\" data-month=\"4\" data-day=\"15\"><div class=\"wpsbc-legend-item-icon wpsbc-legend-item-icon-1\" data-type=\"single\"><div class=\"wpsbc-legend-item-icon-color\" ><\/div><div class=\"wpsbc-legend-item-icon-color\" ><\/div><\/div><div class=\"wpsbc-date-inner\"><span class=\"wpsbc-date-number\">15<\/span><\/div><\/div><\/td><td><div class=\"wpsbc-date wpsbc-legend-item-1 \" data-year=\"2026\" data-month=\"4\" data-day=\"16\"><div class=\"wpsbc-legend-item-icon wpsbc-legend-item-icon-1\" data-type=\"single\"><div class=\"wpsbc-legend-item-icon-color\" ><\/div><div class=\"wpsbc-legend-item-icon-color\" ><\/div><\/div><div class=\"wpsbc-date-inner\"><span class=\"wpsbc-date-number\">16<\/span><\/div><\/div><\/td><td><div class=\"wpsbc-date wpsbc-legend-item-1 \" data-year=\"2026\" data-month=\"4\" data-day=\"17\"><div class=\"wpsbc-legend-item-icon wpsbc-legend-item-icon-1\" data-type=\"single\"><div class=\"wpsbc-legend-item-icon-color\" ><\/div><div class=\"wpsbc-legend-item-icon-color\" ><\/div><\/div><div class=\"wpsbc-date-inner\"><span class=\"wpsbc-date-number\">17<\/span><\/div><\/div><\/td><td><div class=\"wpsbc-date wpsbc-legend-item-1 \" data-year=\"2026\" data-month=\"4\" data-day=\"18\"><div class=\"wpsbc-legend-item-icon wpsbc-legend-item-icon-1\" data-type=\"single\"><div class=\"wpsbc-legend-item-icon-color\" ><\/div><div class=\"wpsbc-legend-item-icon-color\" ><\/div><\/div><div class=\"wpsbc-date-inner\"><span class=\"wpsbc-date-number\">18<\/span><\/div><\/div><\/td><td><div class=\"wpsbc-date wpsbc-legend-item-1 \" data-year=\"2026\" data-month=\"4\" data-day=\"19\"><div class=\"wpsbc-legend-item-icon wpsbc-legend-item-icon-1\" data-type=\"single\"><div class=\"wpsbc-legend-item-icon-color\" ><\/div><div class=\"wpsbc-legend-item-icon-color\" ><\/div><\/div><div class=\"wpsbc-date-inner\"><span class=\"wpsbc-date-number\">19<\/span><\/div><\/div><\/td><\/tr><tr><td><div class=\"wpsbc-date wpsbc-legend-item-1 \" data-year=\"2026\" data-month=\"4\" data-day=\"20\"><div class=\"wpsbc-legend-item-icon wpsbc-legend-item-icon-1\" data-type=\"single\"><div class=\"wpsbc-legend-item-icon-color\" ><\/div><div class=\"wpsbc-legend-item-icon-color\" ><\/div><\/div><div class=\"wpsbc-date-inner\"><span class=\"wpsbc-date-number\">20<\/span><\/div><\/div><\/td><td><div class=\"wpsbc-date wpsbc-legend-item-1 \" data-year=\"2026\" data-month=\"4\" data-day=\"21\"><div class=\"wpsbc-legend-item-icon wpsbc-legend-item-icon-1\" data-type=\"single\"><div class=\"wpsbc-legend-item-icon-color\" ><\/div><div class=\"wpsbc-legend-item-icon-color\" ><\/div><\/div><div class=\"wpsbc-date-inner\"><span class=\"wpsbc-date-number\">21<\/span><\/div><\/div><\/td><td><div class=\"wpsbc-date wpsbc-legend-item-1 \" data-year=\"2026\" data-month=\"4\" data-day=\"22\"><div class=\"wpsbc-legend-item-icon wpsbc-legend-item-icon-1\" data-type=\"single\"><div class=\"wpsbc-legend-item-icon-color\" ><\/div><div class=\"wpsbc-legend-item-icon-color\" ><\/div><\/div><div class=\"wpsbc-date-inner\"><span class=\"wpsbc-date-number\">22<\/span><\/div><\/div><\/td><td><div class=\"wpsbc-date wpsbc-legend-item-1 \" data-year=\"2026\" data-month=\"4\" data-day=\"23\"><div class=\"wpsbc-legend-item-icon wpsbc-legend-item-icon-1\" data-type=\"single\"><div class=\"wpsbc-legend-item-icon-color\" ><\/div><div class=\"wpsbc-legend-item-icon-color\" ><\/div><\/div><div class=\"wpsbc-date-inner\"><span class=\"wpsbc-date-number\">23<\/span><\/div><\/div><\/td><td><div class=\"wpsbc-date wpsbc-legend-item-1 \" data-year=\"2026\" data-month=\"4\" data-day=\"24\"><div class=\"wpsbc-legend-item-icon wpsbc-legend-item-icon-1\" data-type=\"single\"><div class=\"wpsbc-legend-item-icon-color\" ><\/div><div class=\"wpsbc-legend-item-icon-color\" ><\/div><\/div><div class=\"wpsbc-date-inner\"><span class=\"wpsbc-date-number\">24<\/span><\/div><\/div><\/td><td><div class=\"wpsbc-date wpsbc-legend-item-1 \" data-year=\"2026\" data-month=\"4\" data-day=\"25\"><div class=\"wpsbc-legend-item-icon wpsbc-legend-item-icon-1\" data-type=\"single\"><div class=\"wpsbc-legend-item-icon-color\" ><\/div><div class=\"wpsbc-legend-item-icon-color\" ><\/div><\/div><div class=\"wpsbc-date-inner\"><span class=\"wpsbc-date-number\">25<\/span><\/div><\/div><\/td><td><div class=\"wpsbc-date wpsbc-legend-item-1 \" data-year=\"2026\" data-month=\"4\" data-day=\"26\"><div class=\"wpsbc-legend-item-icon wpsbc-legend-item-icon-1\" data-type=\"single\"><div class=\"wpsbc-legend-item-icon-color\" ><\/div><div class=\"wpsbc-legend-item-icon-color\" ><\/div><\/div><div class=\"wpsbc-date-inner\"><span class=\"wpsbc-date-number\">26<\/span><\/div><\/div><\/td><\/tr><tr><td><div class=\"wpsbc-date wpsbc-legend-item-1 \" data-year=\"2026\" data-month=\"4\" data-day=\"27\"><div class=\"wpsbc-legend-item-icon wpsbc-legend-item-icon-1\" data-type=\"single\"><div class=\"wpsbc-legend-item-icon-color\" ><\/div><div class=\"wpsbc-legend-item-icon-color\" ><\/div><\/div><div class=\"wpsbc-date-inner\"><span class=\"wpsbc-date-number\">27<\/span><\/div><\/div><\/td><td><div class=\"wpsbc-date wpsbc-legend-item-1 \" data-year=\"2026\" data-month=\"4\" data-day=\"28\"><div class=\"wpsbc-legend-item-icon wpsbc-legend-item-icon-1\" data-type=\"single\"><div class=\"wpsbc-legend-item-icon-color\" ><\/div><div class=\"wpsbc-legend-item-icon-color\" ><\/div><\/div><div class=\"wpsbc-date-inner\"><span class=\"wpsbc-date-number\">28<\/span><\/div><\/div><\/td><td><div class=\"wpsbc-date wpsbc-legend-item-1 \" data-year=\"2026\" data-month=\"4\" data-day=\"29\"><div class=\"wpsbc-legend-item-icon wpsbc-legend-item-icon-1\" data-type=\"single\"><div class=\"wpsbc-legend-item-icon-color\" ><\/div><div class=\"wpsbc-legend-item-icon-color\" ><\/div><\/div><div class=\"wpsbc-date-inner\"><span class=\"wpsbc-date-number\">29<\/span><\/div><\/div><\/td><td><div class=\"wpsbc-date wpsbc-legend-item-1 \" data-year=\"2026\" data-month=\"4\" data-day=\"30\"><div class=\"wpsbc-legend-item-icon wpsbc-legend-item-icon-1\" data-type=\"single\"><div class=\"wpsbc-legend-item-icon-color\" ><\/div><div class=\"wpsbc-legend-item-icon-color\" ><\/div><\/div><div class=\"wpsbc-date-inner\"><span class=\"wpsbc-date-number\">30<\/span><\/div><\/div><\/td><td><div class=\"wpsbc-date  wpsbc-gap\" ><div class=\"wpsbc-date-inner\"><\/div><\/div><\/td><td><div class=\"wpsbc-date  wpsbc-gap\" ><div class=\"wpsbc-date-inner\"><\/div><\/div><\/td><td><div class=\"wpsbc-date  wpsbc-gap\" ><div class=\"wpsbc-date-inner\"><\/div><\/div><\/td><\/tr><\/tbody><\/table><\/div><\/div><\/div><\/div><style>.wpsbc-container.wpsbc-calendar-1 .wpsbc-legend-item-icon-1 div:first-of-type { background-color: #ddffcc; }.wpsbc-container.wpsbc-calendar-1 .wpsbc-legend-item-icon-1 div:nth-of-type(2) { background-color: transparent; }.wpsbc-container.wpsbc-calendar-1 .wpsbc-legend-item-icon-1 div:first-of-type svg { fill: #ddffcc; }.wpsbc-container.wpsbc-calendar-1 .wpsbc-legend-item-icon-1 div:nth-of-type(2) svg { fill: transparent; }.wpsbc-container.wpsbc-calendar-1 .wpsbc-legend-item-icon-2 div:first-of-type { background-color: #ffc0bd; }.wpsbc-container.wpsbc-calendar-1 .wpsbc-legend-item-icon-2 div:nth-of-type(2) { background-color: transparent; }.wpsbc-container.wpsbc-calendar-1 .wpsbc-legend-item-icon-2 div:first-of-type svg { fill: #ffc0bd; }.wpsbc-container.wpsbc-calendar-1 .wpsbc-legend-item-icon-2 div:nth-of-type(2) svg { fill: transparent; }.wpsbc-container.wpsbc-calendar-1 .wpsbc-legend-item-icon-3 div:first-of-type { background-color: #fee2a0; }.wpsbc-container.wpsbc-calendar-1 .wpsbc-legend-item-icon-3 div:nth-of-type(2) { background-color: transparent; }.wpsbc-container.wpsbc-calendar-1 .wpsbc-legend-item-icon-3 div:first-of-type svg { fill: #fee2a0; }.wpsbc-container.wpsbc-calendar-1 .wpsbc-legend-item-icon-3 div:nth-of-type(2) svg { fill: transparent; }<\/style><div class=\"wpsbc-container-loaded\" data-just-loaded=\"1\"><\/div><\/div>\n\n\n\n<ul class=\"wp-block-list\">\n<li>Rouge = Non disponible<\/li>\n\n\n\n<li>Orange = En attente<\/li>\n\n\n\n<li>Vert= Disponible<\/li>\n<\/ul>\n\n\n\n<p><em><strong>Pour vos r\u00e9servations<\/strong><\/em>:<br>par t\u00e9l\u00e9phone:&nbsp; + 32 (0) 81 56 64 91<br>par courriel \u00e0 l&rsquo;adresse: <em>reservation(at)bonneval-edelweiss.fr<br><\/em>ou via le formulaire ci-dessous:<\/p>\n\n\n<p>[contact_form]<\/p>\n","protected":false},"excerpt":{"rendered":"<p>Vous trouverez ci-dessous les p\u00e9riodes encore disponibles \u00e0 la location. Le calendrier n&rsquo;est pas mis \u00e0 jour de mani\u00e8re instantan\u00e9e, n&rsquo;h\u00e9sitez \u00e0 prendre contact avec nous pour avoir les derni\u00e8res mises \u00e0 jour (voir no t\u00e9l. et adresse mail ci-dessous). &hellip; <a href=\"https:\/\/www.bonneval-edelweiss.fr\/?page_id=66\">Continue reading <span class=\"meta-nav\">&rarr;<\/span><\/a><\/p>\n","protected":false},"author":1,"featured_media":0,"parent":0,"menu_order":1,"comment_status":"closed","ping_status":"closed","template":"onecolumn-page.php","meta":{"footnotes":""},"class_list":["post-66","page","type-page","status-publish","hentry"],"_links":{"self":[{"href":"https:\/\/www.bonneval-edelweiss.fr\/index.php?rest_route=\/wp\/v2\/pages\/66","targetHints":{"allow":["GET"]}}],"collection":[{"href":"https:\/\/www.bonneval-edelweiss.fr\/index.php?rest_route=\/wp\/v2\/pages"}],"about":[{"href":"https:\/\/www.bonneval-edelweiss.fr\/index.php?rest_route=\/wp\/v2\/types\/page"}],"author":[{"embeddable":true,"href":"https:\/\/www.bonneval-edelweiss.fr\/index.php?rest_route=\/wp\/v2\/users\/1"}],"replies":[{"embeddable":true,"href":"https:\/\/www.bonneval-edelweiss.fr\/index.php?rest_route=%2Fwp%2Fv2%2Fcomments&post=66"}],"version-history":[{"count":48,"href":"https:\/\/www.bonneval-edelweiss.fr\/index.php?rest_route=\/wp\/v2\/pages\/66\/revisions"}],"predecessor-version":[{"id":514,"href":"https:\/\/www.bonneval-edelweiss.fr\/index.php?rest_route=\/wp\/v2\/pages\/66\/revisions\/514"}],"wp:attachment":[{"href":"https:\/\/www.bonneval-edelweiss.fr\/index.php?rest_route=%2Fwp%2Fv2%2Fmedia&parent=66"}],"curies":[{"name":"wp","href":"https:\/\/api.w.org\/{rel}","templated":true}]}}